{"id":1094,"date":"2025-03-20T08:17:15","date_gmt":"2025-03-20T08:17:15","guid":{"rendered":"https:\/\/njutaute.se\/?product=berg-ultim-champion-regular-330-grey-safety-net-deluxe"},"modified":"2025-03-28T14:19:33","modified_gmt":"2025-03-28T14:19:33","slug":"berg-ultim-champion-regular-330-grey-safety-net-deluxe","status":"publish","type":"product","link":"https:\/\/njutaute.se\/en\/product\/berg-ultim-champion-regular-330-grey-safety-net-deluxe\/","title":{"rendered":"BERG Ultim Champion Regular 330 Grey + Safety Net Deluxe"},"content":{"rendered":"<p>BERG Elite \u00e4r trampolinen f\u00f6r dem som s\u00f6ker en fantastisk hoppupplevelse. Med en AirFlow eller AirFlow Pro Spring Mat, TwinSpring-systemet, en st\u00f6rre och tjockare stoppning, och en stadig ram, erbjuder denna trampolin den optimala blandningen av s\u00e4kerhet och komfort. BERG Elite finns tillg\u00e4nglig som InGround, FlatGround eller frist\u00e5ende trampolin.<\/p>\n<p>FlatGround Trampoline<br \/>\nEn FlatGround-trampolin sm\u00e4lter s\u00f6ml\u00f6st in i din tr\u00e4dg\u00e5rd d\u00e5 den \u00e4r p\u00e5 samma niv\u00e5 som gr\u00e4smattan, och ger minimal h\u00f6jd. Den \u00e4r ocks\u00e5 exceptionellt stabil eftersom den \u00e4r installerad p\u00e5 markniv\u00e5. Elite FlatGround erbjuder en rymlig hopp-yta, och dess tjockare ram s\u00e4kerst\u00e4ller optimal styvhet, vilket ger b\u00e4ttre kontroll \u00f6ver dina hopp. Om du vill ta dina trick till n\u00e4sta niv\u00e5, v\u00e4lj AeroWall. Den unika gr\u00e5 AeroWall \u00e4r designad f\u00f6r att utf\u00f6ra (extrema) trick av erfarna hoppare. Denna v\u00e4gg \u00e4r uppbl\u00e5st och sedan f\u00e4st vid en super stabil och solid ram. L\u00e4gg till en extra dimension till din trampolin med denna robusta AeroWall.<\/p>\n<p>S\u00e4kerhet<br \/>\n\u2022 Den extra tjocka skyddslisten s\u00e4kerst\u00e4ller optimalt skydd vid en olycksh\u00e4ndelse och har l\u00e5ng livsl\u00e4ngd tack vare sitt UV-resistenta ytbehandling.<br \/>\n\u2022 Beroende p\u00e5 storleken du v\u00e4ljer, kan du utrusta din Elite-trampolin med en Deluxe eller Deluxe XL-s\u00e4kerhetsn\u00e4t. Detta robusta s\u00e4kerhetsn\u00e4t kommer att f\u00e5nga ditt fall om du landar fel.<br \/>\n\u2022 Den f\u00f6rl\u00e4ngda springmattan s\u00e4kerst\u00e4ller \u00f6verlappning \u00f6ver fj\u00e4drarna och skyddar dina f\u00f6tter fr\u00e5n kontakt med dem.<\/p>\n<p>AirFlow Pro Jumping Mat<br \/>\nBeroende p\u00e5 vilken BERG Elite-modell du v\u00e4ljer, kommer din trampolin att komma med en AirFlow eller AirFlow Pro Spring Mat. B\u00e5da mattorna l\u00e5ter mer luft passera genom j\u00e4mf\u00f6rt med vanliga springmattor, med AirFlow som erbjuder 50% mer luftfl\u00f6de och AirFlow Pro som ger 150% mer. BERG AirFlow Pro erbjuder en \u00e4nnu b\u00e4ttre hoppupplevelse \u00e4n standard AirFlow-teknologi. Med AirFlow Pro kan du njuta av upp till 150% mer luftfl\u00f6de \u00e4n traditionella trampolinfj\u00e4drar, vilket g\u00f6r att du kan hoppa h\u00f6gre och l\u00e4ngre. AirFlow Pro Spring Mat \u00e4r tillverkad med en speciell 7&#215;7 v\u00e4vning, vilket l\u00e5ter mer luft passera genom \u00e4n andra springmattor. Dessutom beh\u00e5ller den knappt fuktighet, vilket s\u00e4kerst\u00e4ller att din trampolin torkar snabbt och \u00e4r redo f\u00f6r anv\u00e4ndning, \u00e4ven efter regn. Tack vare AirFlow och AirFlow Pro-teknologi beh\u00f6ver du inte kompromissa med s\u00e4kerhet, komfort eller h\u00e5llbarhet. Oavsett om du \u00e4r nyb\u00f6rjare eller en erfaren trampolinhoppare, hj\u00e4lper AirFlow dig att f\u00e5 ut det mesta av din trampolin.<\/p>\n<p>TwinSpring-fj\u00e4drar<br \/>\nTwinSpring-teknologin s\u00e4kerst\u00e4ller en j\u00e4mn hoppupplevelse. Den \u00e4r specifikt utvecklad f\u00f6r att f\u00f6rb\u00e4ttra hoppupplevelsen utan att kompromissa med s\u00e4kerheten. En annan f\u00f6rdel med TwinSpring \u00e4r det smarta V-arrangemanget av fj\u00e4drarna, vilket s\u00e4kerst\u00e4ller en j\u00e4mn f\u00f6rdelning av hoppkraften \u00f6ver springmattan. Detta arrangemang resulterar ocks\u00e5 i en b\u00e4ttre studs och st\u00f6rre kontroll under hoppningen. TwinSpring-fj\u00e4drarna \u00e4r l\u00e4ngre \u00e4n traditionella trampolinfj\u00e4drar och \u00e4r utformade f\u00f6r att ge mer flexibilitet under hoppningen. Detta leder till en f\u00f6rb\u00e4ttrad hoppupplevelse, vilket g\u00f6r att du kan hoppa h\u00f6gre och l\u00e4ngre. Dessa fj\u00e4drar f\u00f6rdelar ocks\u00e5 hoppkraften j\u00e4mnare \u00f6ver springmattan och ger en mjukare landing, vilket \u00e4r skonsamt f\u00f6r dina leder. Oavsett om du \u00e4r nyb\u00f6rjare eller en avancerad trampolinhoppare, kommer en trampolin utrustad med TwinSpring att maximera din hoppupplevelse samtidigt som den s\u00e4kerst\u00e4ller s\u00e4kerhet och komfort. Detta g\u00f6r den ocks\u00e5 idealisk f\u00f6r mindre barn.<\/p>\n<p>H\u00e5llbarhet<br \/>\nAtt v\u00e4lja en BERG inneb\u00e4r att v\u00e4lja h\u00e5llbarhet. Visste du att du f\u00e5r 10 \u00e5rs standardgaranti p\u00e5 din ram, som kan f\u00f6rl\u00e4ngas till 13 \u00e5r efter produktregistrering? Dessutom har du 5 \u00e5rs garanti p\u00e5 fj\u00e4drarna och 2 \u00e5rs garanti p\u00e5 stoppningen och springmattan. Trampolindelar upplever naturligt slitage, men med v\u00e5ra l\u00e4ttillg\u00e4ngliga reservdelar kan du enkelt ge din trampolin ett andra liv. Detta inneb\u00e4r att du inte beh\u00f6ver ers\u00e4tta produkten omedelbart n\u00e4r n\u00e5got slits ut.<\/p>\n<p>Ramform &#8211; Vad passar mig?<br \/>\nEn rund trampolin, en Ultim (rektangul\u00e4r trampolin), eller kanske en Grand (oval trampolin)? L\u00e4s nedan f\u00f6r att l\u00e4ra dig vad som g\u00f6r varje form unik. Den runda formen p\u00e5 en rund trampolin ger perfekt styvhet med minimalt material och s\u00e4kerst\u00e4ller maximal styrka. En Ultim-trampolin erbjuder en \u00e4nnu st\u00f6rre hoppyta, med en tjockare ram f\u00f6r optimal styvhet, vilket g\u00f6r hoppningen l\u00e4ttare att kontrollera. En Grand-trampolin kombinerar egenskaperna hos en rund och en Ultim-trampolin. P\u00e5 grund av sin form hoppar du automatiskt s\u00e4kert i mitten samtidigt som du beh\u00e5ller en stor hopp-yta.<\/p>\n<p>Stadig Ram<br \/>\nToppr\u00f6ret p\u00e5 din Elite FlatGround-ram \u00e4r otroligt robust och har en f\u00f6rl\u00e4ngd livsl\u00e4ngd p\u00e5 grund av dess dubbla bel\u00e4ggning, vilket g\u00f6r att du kan hoppa utan bekymmer.<\/p>\n<p>V\u00e4lj BERG Elite och upplev den ultimata trampolin\u00e4ventyret. Oavsett om du \u00e4r nyb\u00f6rjare eller \u00e4r skicklig i avancerade tekniker \u00e4r denna trampolin det idealiska valet f\u00f6r dig. Best\u00e4ll den idag och uppt\u00e4ck sj\u00e4lv varf\u00f6r BERG Elite FlatGround \u00e4r det b\u00e4sta alternativet f\u00f6r s\u00e4kert och bekv\u00e4mt hopp!<\/p>","protected":false},"excerpt":{"rendered":"<p><strong>Obs:<\/strong> Fraktkostnader f\u00f6r den h\u00e4r produkt \u00e4r p\u00e5 beg\u00e4ran. Kontakta oss via <a title=\"Contact\" href=\"https:\/\/njutaute.se\/en\/kontakt\/\">kontakt<\/a>.<\/p>","protected":false},"featured_media":1093,"comment_status":"open","ping_status":"closed","template":"","meta":{"om_disable_all_campaigns":false,"_monsterinsights_skip_tracking":false,"_monsterinsights_sitenote_active":false,"_monsterinsights_sitenote_note":"","_monsterinsights_sitenote_category":0},"product_brand":[],"product_cat":[26],"product_tag":[],"class_list":{"0":"post-1094","1":"product","2":"type-product","3":"status-publish","4":"has-post-thumbnail","6":"product_cat-studsmattor","7":"product_shipping_class-on-request","9":"first","10":"instock","11":"shipping-taxable","12":"purchasable","13":"product-type-simple"},"aioseo_notices":[],"jetpack_sharing_enabled":true,"_links":{"self":[{"href":"https:\/\/njutaute.se\/en\/wp-json\/wp\/v2\/product\/1094","targetHints":{"allow":["GET"]}}],"collection":[{"href":"https:\/\/njutaute.se\/en\/wp-json\/wp\/v2\/product"}],"about":[{"href":"https:\/\/njutaute.se\/en\/wp-json\/wp\/v2\/types\/product"}],"replies":[{"embeddable":true,"href":"https:\/\/njutaute.se\/en\/wp-json\/wp\/v2\/comments?post=1094"}],"wp:featuredmedia":[{"embeddable":true,"href":"https:\/\/njutaute.se\/en\/wp-json\/wp\/v2\/media\/1093"}],"wp:attachment":[{"href":"https:\/\/njutaute.se\/en\/wp-json\/wp\/v2\/media?parent=1094"}],"wp:term":[{"taxonomy":"product_brand","embeddable":true,"href":"https:\/\/njutaute.se\/en\/wp-json\/wp\/v2\/product_brand?post=1094"},{"taxonomy":"product_cat","embeddable":true,"href":"https:\/\/njutaute.se\/en\/wp-json\/wp\/v2\/product_cat?post=1094"},{"taxonomy":"product_tag","embeddable":true,"href":"https:\/\/njutaute.se\/en\/wp-json\/wp\/v2\/product_tag?post=1094"}],"curies":[{"name":"wp","href":"https:\/\/api.w.org\/{rel}","templated":true}]}}