{"id":1091,"date":"2025-03-20T08:17:12","date_gmt":"2025-03-20T08:17:12","guid":{"rendered":"https:\/\/njutaute.se\/?product=berg-favorit-regular-430-grey-safety-net-comfort"},"modified":"2026-02-23T14:12:43","modified_gmt":"2026-02-23T14:12:43","slug":"berg-favorit-regular-430-grey-safety-net-comfort","status":"publish","type":"product","link":"https:\/\/njutaute.se\/en\/product\/berg-favorit-regular-430-grey-safety-net-comfort\/","title":{"rendered":"BERG Favorit Regular 430 Grey + Safety Net Comfort"},"content":{"rendered":"<p><strong>BERG Favorit Regular 430 Grey + Safety Net Comfort<\/strong> \u00e4r det perfekta valet f\u00f6r familjer med sm\u00e5 barn. Den varar i m\u00e5nga \u00e5r och ger o\u00e4ndlig (hopp) rolig. Dessutom slits den knappt och kr\u00e4ver lite underh\u00e5ll. Favorit har utvecklats med stor omsorg och uppm\u00e4rksamhet, tack vare BERGs m\u00e5nga \u00e5rs erfarenhet. Detta g\u00f6r den inte bara till ett s\u00e4kert val utan ocks\u00e5 en garanti f\u00f6r god kvalitet.<\/p>\n<p>Med SoloSpring-fj\u00e4drar och en stark hoppmatta kan du hoppa h\u00f6gt med l\u00e4tthet. Ramen \u00e4r ocks\u00e5 mycket robust. BERG Favorit finns som en InGround-modell och som en trampolin p\u00e5 ben. Med ett val av olika former och fyra olika f\u00e4rger kan du perfekt matcha trampolinen med din tr\u00e4dg\u00e5rd!<\/p>\n<h4>Trampolin p\u00e5 ben<\/h4>\n<p>En vanlig trampolin \u00e4r en p\u00e5 ben. Du beh\u00f6ver inte gr\u00e4va ett h\u00e5l f\u00f6r en vanlig trampolin; du placerar den bara p\u00e5 gr\u00e4smattan. En ytterligare f\u00f6rdel \u00e4r att du enkelt kan flytta en vanlig trampolin med lite anstr\u00e4ngning.<\/p>\n<h4>S\u00e4kerhet<\/h4>\n<p>*Beroende p\u00e5 storleken du v\u00e4ljer kan du utrusta din Favorit-trampolin med ett Comfort s\u00e4kerhetsn\u00e4t. Detta robusta s\u00e4kerhetsn\u00e4t bryter ditt fall om du landar felaktigt.<br \/>\n*Den UV-resistenta skyddskanten ger optimalt skydd om du r\u00e5kar falla.<br \/>\n*Du kan s\u00e4kert g\u00e5 in i trampolinen, utan dragkedja.<br \/>\n*Tjock, mjuk skumstoppning omsluter n\u00e4tstolparna f\u00f6r optimal s\u00e4kerhet.<\/p>\n<h4>SoloSpring-fj\u00e4drar<\/h4>\n<p>Hoppa h\u00f6gre och mjukare med SoloSpring-fj\u00e4drar, unikt utvecklade av BERG. SoloSpring-fj\u00e4drar \u00e4r gjorda av extra-belagt st\u00e5l, vilket g\u00f6r dem mycket motst\u00e5ndskraftiga mot rost. Och tack vare de stora krokarna \u00e4r de l\u00e4tta att montera.<\/p>\n<h4>En bra hoppmatta<\/h4>\n<p>Din BERG Favorit-trampolin har en h\u00f6gkvalitativ hoppmatta. Tack vare dess h\u00f6gkvalitativa och h\u00e5llbara v\u00e4vning kan du hoppa extra s\u00e4kert, och hoppmattan varar l\u00e4nge. P\u00e5 detta s\u00e4tt kan du alltid hoppa bekymmersfritt.<\/p>\n<h4>Robust ram<\/h4>\n<p>Ramen till din Favorit \u00e4r trampolinens robusta hj\u00e4rta. Dessutom \u00e4r ramen belagd, vilket s\u00e4kerst\u00e4ller att den varar i m\u00e5nga \u00e5r.<\/p>\n<h4>H\u00e5llbarhet<\/h4>\n<p>Att v\u00e4lja BERG betyder att v\u00e4lja h\u00e5llbarhet. Visste du att du har en standardgaranti p\u00e5 10 \u00e5r p\u00e5 din ram, som du \u00e4ven kan f\u00f6rl\u00e4nga till 13 \u00e5r efter produktregistrering? Dessutom har du 5 \u00e5rs garanti p\u00e5 fj\u00e4drarna och 2 \u00e5r p\u00e5 stoppningen och hoppmattan.<br \/>\nSj\u00e4lvklart \u00e4r trampolindelar utsatta f\u00f6r slitage. Om delar slits ut kan du enkelt ge din trampolin ett andra liv p\u00e5 grund av den breda tillg\u00e4ngligheten av reservdelar.<\/p>\n<h4>Ramform, vad passar mig?<\/h4>\n<p>En rund trampolin, en Ultim (rektangul\u00e4r trampolin) eller en Grand (oval trampolin)? Vad som g\u00f6r varje form unik f\u00f6rklaras nedan!<\/p>\n<p>En rund trampolin<br \/>\nEn rund trampolin har en optimal &#8221;hoppunkt&#8221;, vilket inneb\u00e4r att mitten av trampolinen \u00e4r h\u00f6gst och mest njutbar att hoppa p\u00e5. P\u00e5 grund av den proportionella fj\u00e4dersp\u00e4nningen trycks du tillbaka mot detta centrum under hoppning, vilket ger b\u00e4ttre kontroll \u00f6ver dina hopp.<\/p>\n<p>En rektangul\u00e4r trampolin (Ultim)<br \/>\nEn rektangul\u00e4r trampolin har en optimal &#8221;hopp-yta&#8221;, vilket inneb\u00e4r att det finns ett mycket st\u00f6rre omr\u00e5de \u00f6ver mitten av trampolinen f\u00f6r njutbara hopp. Under hoppning trycks du d\u00e4rf\u00f6r mindre tillbaka mot centrum av trampolinen, vilket g\u00f6r att du kan hoppa bekv\u00e4mare.<\/p>\n<p>En oval trampolin (Grand)<br \/>\nMed en Grand trampolin kombineras egenskaperna hos en rund och en rektangul\u00e4r trampolin. Dessutom g\u00f6r formen att du automatiskt hoppar s\u00e4kert i mitten samtidigt som du bibeh\u00e5ller en stor hopp-yta.<\/p>\n<h4>S\u00e4kerhetsn\u00e4t<\/h4>\n<p>V\u00e4ljer du en BERG Favorit trampolin med eller utan s\u00e4kerhetsn\u00e4t? Med ett BERG Safety Net Comfort kan du alltid hoppa utan bekymmer!<br \/>\n*Enkel att montera.<br \/>\n*S\u00e4rskilt designad f\u00f6r BERG Favorit-trampoliner.<br \/>\n*Enkel \u00e5tkomst genom den sj\u00e4lvst\u00e4ngande ing\u00e5ngen.<br \/>\n*Mjuka s\u00e4kerhetsstolpar.<\/p>\n<p>V\u00e4lj BERG Favorit och utforska v\u00e4rlden av trampolinhoppning. Best\u00e4ll din idag och uppt\u00e4ck vad BERG Favorit har att erbjuda.<\/p>\n<p>Uppt\u00e4ck \u00e4ven v\u00e5ra andra<strong> <a href=\"https:\/\/njutaute.se\/en\/product-category\/studsmattor\/\">BERG-trampoliner<\/a><\/strong><\/p>","protected":false},"excerpt":{"rendered":"<p>BERG Favorit Regular 430 Grey + Safety Net Comfort \u00e4r en s\u00e4ker och h\u00e5llbar rund trampolin (430 cm) f\u00f6r familjer med barn. Med SoloSpring-fj\u00e4drar, stark hoppmatta och robust ram ger den mjuka, h\u00f6ga hopp och l\u00e5ng livsl\u00e4ngd. Enkel att placera p\u00e5 gr\u00e4smattan och perfekt f\u00f6r trygg utomhuslek i tr\u00e4dg\u00e5rden. Bes\u00f6k och se produkten i v\u00e5rt showroom i \u00c5m\u00e5l, Dalsland, Sverige.<\/p>\n<p><strong>Obs:<\/strong> Fraktkostnader f\u00f6r den h\u00e4r produkt \u00e4r p\u00e5 beg\u00e4ran. Kontakta oss via <a title=\"Contact\" href=\"https:\/\/njutaute.se\/en\/kontakt\/\">kontakt<\/a>.<\/p>","protected":false},"featured_media":1889,"comment_status":"open","ping_status":"closed","template":"","meta":{"om_disable_all_campaigns":false,"_monsterinsights_skip_tracking":false,"_monsterinsights_sitenote_active":false,"_monsterinsights_sitenote_note":"","_monsterinsights_sitenote_category":0},"product_brand":[],"product_cat":[26],"product_tag":[],"class_list":{"0":"post-1091","1":"product","2":"type-product","3":"status-publish","4":"has-post-thumbnail","6":"product_cat-studsmattor","7":"product_shipping_class-on-request","9":"first","10":"instock","11":"shipping-taxable","12":"purchasable","13":"product-type-simple"},"aioseo_notices":[],"jetpack_sharing_enabled":true,"_links":{"self":[{"href":"https:\/\/njutaute.se\/en\/wp-json\/wp\/v2\/product\/1091","targetHints":{"allow":["GET"]}}],"collection":[{"href":"https:\/\/njutaute.se\/en\/wp-json\/wp\/v2\/product"}],"about":[{"href":"https:\/\/njutaute.se\/en\/wp-json\/wp\/v2\/types\/product"}],"replies":[{"embeddable":true,"href":"https:\/\/njutaute.se\/en\/wp-json\/wp\/v2\/comments?post=1091"}],"wp:featuredmedia":[{"embeddable":true,"href":"https:\/\/njutaute.se\/en\/wp-json\/wp\/v2\/media\/1889"}],"wp:attachment":[{"href":"https:\/\/njutaute.se\/en\/wp-json\/wp\/v2\/media?parent=1091"}],"wp:term":[{"taxonomy":"product_brand","embeddable":true,"href":"https:\/\/njutaute.se\/en\/wp-json\/wp\/v2\/product_brand?post=1091"},{"taxonomy":"product_cat","embeddable":true,"href":"https:\/\/njutaute.se\/en\/wp-json\/wp\/v2\/product_cat?post=1091"},{"taxonomy":"product_tag","embeddable":true,"href":"https:\/\/njutaute.se\/en\/wp-json\/wp\/v2\/product_tag?post=1091"}],"curies":[{"name":"wp","href":"https:\/\/api.w.org\/{rel}","templated":true}]}}